{"id":9668,"date":"2025-09-03T18:22:07","date_gmt":"2025-09-03T16:22:07","guid":{"rendered":"https:\/\/shop.intelligencelogistique.com\/?product=etagere-murale-sans-perforation-tete-de-lit-tenture-murale-salon-decoration-murale-routeur-etagere-40-x-20-cm-noir"},"modified":"2025-09-03T18:22:07","modified_gmt":"2025-09-03T16:22:07","slug":"etagere-murale-sans-perforation-tete-de-lit-tenture-murale-salon-decoration-murale-routeur-etagere-40-x-20-cm-noir","status":"publish","type":"product","link":"https:\/\/shop.intelligencelogistique.com\/?product=etagere-murale-sans-perforation-tete-de-lit-tenture-murale-salon-decoration-murale-routeur-etagere-40-x-20-cm-noir","title":{"rendered":"\u00c9tag\u00e8re murale sans perforation T\u00eate de lit tenture murale salon d\u00e9coration murale routeur \u00e9tag\u00e8re &#8211; 40 x 20 cm, noir"},"content":{"rendered":"<p>\u00c9tag\u00e8re murale sans perforation T\u00eate de lit tenture murale salon d\u00e9coration murale routeur \u00e9tag\u00e8re &#8211; 40 x 20 cm, noir<\/p>\n","protected":false},"excerpt":{"rendered":"<p>\u00c9tag\u00e8re murale sans perforation T\u00eate de lit tenture murale salon d\u00e9coration murale routeur \u00e9tag\u00e8re &#8211; 40 x 20 cm, noir<\/p>\n","protected":false},"featured_media":9643,"comment_status":"open","ping_status":"closed","template":"","meta":[],"product_cat":[3552],"product_tag":[],"class_list":{"0":"post-9668","1":"product","2":"type-product","3":"status-publish","4":"has-post-thumbnail","6":"product_cat-decoration-2","8":"first","9":"instock","10":"taxable","11":"shipping-taxable","12":"purchasable","13":"product-type-simple","14":"col-xs-6 col-sm-4","15":"col-md-3 col-lg-3","16":"un-4-cols"},"_links":{"self":[{"href":"https:\/\/shop.intelligencelogistique.com\/index.php?rest_route=\/wp\/v2\/product\/9668","targetHints":{"allow":["GET"]}}],"collection":[{"href":"https:\/\/shop.intelligencelogistique.com\/index.php?rest_route=\/wp\/v2\/product"}],"about":[{"href":"https:\/\/shop.intelligencelogistique.com\/index.php?rest_route=\/wp\/v2\/types\/product"}],"replies":[{"embeddable":true,"href":"https:\/\/shop.intelligencelogistique.com\/index.php?rest_route=%2Fwp%2Fv2%2Fcomments&post=9668"}],"wp:featuredmedia":[{"embeddable":true,"href":"https:\/\/shop.intelligencelogistique.com\/index.php?rest_route=\/wp\/v2\/media\/9643"}],"wp:attachment":[{"href":"https:\/\/shop.intelligencelogistique.com\/index.php?rest_route=%2Fwp%2Fv2%2Fmedia&parent=9668"}],"wp:term":[{"taxonomy":"product_cat","embeddable":true,"href":"https:\/\/shop.intelligencelogistique.com\/index.php?rest_route=%2Fwp%2Fv2%2Fproduct_cat&post=9668"},{"taxonomy":"product_tag","embeddable":true,"href":"https:\/\/shop.intelligencelogistique.com\/index.php?rest_route=%2Fwp%2Fv2%2Fproduct_tag&post=9668"}],"curies":[{"name":"wp","href":"https:\/\/api.w.org\/{rel}","templated":true}]}}